{"id":339,"date":"2021-12-09T16:26:11","date_gmt":"2021-12-09T16:26:11","guid":{"rendered":"https:\/\/www.howkeys.com\/?post_type=product&#038;p=339"},"modified":"2023-08-17T15:57:40","modified_gmt":"2023-08-17T15:57:40","slug":"cline-europa","status":"publish","type":"product","link":"https:\/\/www.howkeys.com\/?product=cline-europa","title":{"rendered":"Cline Europa 12 meses."},"content":{"rendered":"<p>-Cline para Europa: Espa\u00f1a, Alemania, Polonia,etc.<\/p>\n<p>-Varias l\u00edneas.<\/p>\n<p>-Estable.<\/p>\n<p>-C:Host+Port+User+Password<\/p>\n<ul>\n<li><strong>Importante<\/strong>: una vez realizado el pedido lo recibir\u00e1 por correo electr\u00f3nico en m\u00e1ximo 24h-48h.<\/li>\n<\/ul>\n<p>-Compatible con todos los dispositivos que admitan clines.<\/p>\n<p>NOTA: HowKeys no se hace responsable del uso de este art\u00edculo, HowKeys no es poseedor de estas clines y son proporcionadas por terceros.<\/p>\n","protected":false},"excerpt":{"rendered":"<p>-Cline para Europa: Espa\u00f1a, Alemania, Polonia,etc. -Varias l\u00edneas. -Estable. -C:Host+Port+User+Password Importante: una vez realizado el pedido lo recibir\u00e1 por correo electr\u00f3nico en m\u00e1ximo 24h-48h. -Compatible con todos los dispositivos que admitan clines. NOTA: HowKeys no se hace responsable del uso de este art\u00edculo, HowKeys no es poseedor de estas clines y son proporcionadas por terceros.<\/p>\n","protected":false},"featured_media":340,"comment_status":"open","ping_status":"closed","template":"","meta":[],"product_brand":[],"product_cat":[62],"product_tag":[66,63,65,64],"class_list":{"0":"post-339","1":"product","2":"type-product","3":"status-publish","4":"has-post-thumbnail","6":"product_cat-clines-europa","7":"product_tag-cccam","8":"product_tag-cline","9":"product_tag-espana","10":"product_tag-europa","12":"first","13":"instock","14":"virtual","15":"purchasable","16":"product-type-simple"},"_links":{"self":[{"href":"https:\/\/www.howkeys.com\/index.php?rest_route=\/wp\/v2\/product\/339","targetHints":{"allow":["GET"]}}],"collection":[{"href":"https:\/\/www.howkeys.com\/index.php?rest_route=\/wp\/v2\/product"}],"about":[{"href":"https:\/\/www.howkeys.com\/index.php?rest_route=\/wp\/v2\/types\/product"}],"replies":[{"embeddable":true,"href":"https:\/\/www.howkeys.com\/index.php?rest_route=%2Fwp%2Fv2%2Fcomments&post=339"}],"wp:featuredmedia":[{"embeddable":true,"href":"https:\/\/www.howkeys.com\/index.php?rest_route=\/wp\/v2\/media\/340"}],"wp:attachment":[{"href":"https:\/\/www.howkeys.com\/index.php?rest_route=%2Fwp%2Fv2%2Fmedia&parent=339"}],"wp:term":[{"taxonomy":"product_brand","embeddable":true,"href":"https:\/\/www.howkeys.com\/index.php?rest_route=%2Fwp%2Fv2%2Fproduct_brand&post=339"},{"taxonomy":"product_cat","embeddable":true,"href":"https:\/\/www.howkeys.com\/index.php?rest_route=%2Fwp%2Fv2%2Fproduct_cat&post=339"},{"taxonomy":"product_tag","embeddable":true,"href":"https:\/\/www.howkeys.com\/index.php?rest_route=%2Fwp%2Fv2%2Fproduct_tag&post=339"}],"curies":[{"name":"wp","href":"https:\/\/api.w.org\/{rel}","templated":true}]}}